{"id":6800,"date":"2022-06-25T15:18:39","date_gmt":"2022-06-25T15:18:39","guid":{"rendered":"https:\/\/shop.flyappi.org\/product\/appi-pilot-essential-tee-shirt\/"},"modified":"2022-06-27T09:51:35","modified_gmt":"2022-06-27T09:51:35","slug":"t-shirt-essentiel-appi-pilot","status":"publish","type":"product","link":"https:\/\/shop.flyappi.org\/fr\/product\/appi-pilot-essential-tee-shirt\/","title":{"rendered":"Tee shirt Pilote APPI essentiel"},"content":{"rendered":"<p class=\"translation-block\">prix plancher pour ce teeshirt bien construit et durable. Trois mod\u00e8les (Pilot, Tandem pilot, Instructor) qui arborent le logo APPI sur la poitrine<\/p>\n<p>Il est fabriqu\u00e9 en coton fil\u00e9 \u00e0 l'anneau et est doux et confortable. Les doubles coutures sur l'encolure et les manches ajoutent de la durabilit\u00e9 \u00e0 ce Tee shirt tout terrain.<\/p>\n<p>\u2013 Gris sport : coton fil\u00e9 \u00e0 l&#039;anneau 90%, polyester 10%<br \/>\n\u2013 4,5 oz\/vg\u00b2 (153 g\/m\u00b2)<br \/>\n\u2013 Pr\u00e9-r\u00e9tr\u00e9ci<br \/>\n- Bande d&#039;\u00e9paule \u00e0 \u00e9paule<br \/>\n\u2013 Quart de tour pour \u00e9viter les plis au centre<\/p>","protected":false},"excerpt":{"rendered":"<p>bottom price for a serious long lasting tee-shirt. APPI logo on the front, three models (Pilot, Tandem pilot, Instructor) It is made of ring-spun cotton and is soft and comfortable. Double stitching on the neckline and sleeves add durability to this off-road shirt. &#8211; Sport Grey: 90% ring-spun cotton, 10% polyester &#8211; 4.5 oz\/yd\u00b2 (153 [&hellip;]<\/p>\n","protected":false},"featured_media":6807,"template":"","meta":[],"product_brand":[],"product_cat":[189,195],"product_tag":[],"cbh_brand":[],"cbh_price":[],"class_list":{"0":"post-6800","1":"product","2":"type-product","3":"status-publish","4":"has-post-thumbnail","6":"product_cat-corpo","7":"product_cat-women","9":"first","10":"instock","11":"sale","12":"shipping-taxable","13":"purchasable","14":"product-type-variable"},"_links":{"self":[{"href":"https:\/\/shop.flyappi.org\/fr\/wp-json\/wp\/v2\/product\/6800","targetHints":{"allow":["GET"]}}],"collection":[{"href":"https:\/\/shop.flyappi.org\/fr\/wp-json\/wp\/v2\/product"}],"about":[{"href":"https:\/\/shop.flyappi.org\/fr\/wp-json\/wp\/v2\/types\/product"}],"wp:featuredmedia":[{"embeddable":true,"href":"https:\/\/shop.flyappi.org\/fr\/wp-json\/wp\/v2\/media\/6807"}],"wp:attachment":[{"href":"https:\/\/shop.flyappi.org\/fr\/wp-json\/wp\/v2\/media?parent=6800"}],"wp:term":[{"taxonomy":"product_brand","embeddable":true,"href":"https:\/\/shop.flyappi.org\/fr\/wp-json\/wp\/v2\/product_brand?post=6800"},{"taxonomy":"product_cat","embeddable":true,"href":"https:\/\/shop.flyappi.org\/fr\/wp-json\/wp\/v2\/product_cat?post=6800"},{"taxonomy":"product_tag","embeddable":true,"href":"https:\/\/shop.flyappi.org\/fr\/wp-json\/wp\/v2\/product_tag?post=6800"},{"taxonomy":"cbh_brand","embeddable":true,"href":"https:\/\/shop.flyappi.org\/fr\/wp-json\/wp\/v2\/cbh_brand?post=6800"},{"taxonomy":"cbh_price","embeddable":true,"href":"https:\/\/shop.flyappi.org\/fr\/wp-json\/wp\/v2\/cbh_price?post=6800"}],"curies":[{"name":"wp","href":"https:\/\/api.w.org\/{rel}","templated":true}]}}