{"id":6432,"date":"2022-06-22T19:01:16","date_gmt":"2022-06-22T19:01:16","guid":{"rendered":"https:\/\/shop.flyappi.org\/product\/personalized-instructor-tee-shirt\/"},"modified":"2022-07-26T08:53:30","modified_gmt":"2022-07-26T08:53:30","slug":"t-shirt-dinstructeur-personnalise","status":"publish","type":"product","link":"https:\/\/shop.flyappi.org\/fr\/product\/personalized-instructor-tee-shirt\/","title":{"rendered":"Tee-shirt instructeur personnalis\u00e9"},"content":{"rendered":"<p>Un t-shirt pour promouvoir votre \u00e9cole ou votre centre tandem APPI dans le cadre du r\u00e9seau APPI.<br \/>\nEquipez votre personnel ou vos \u00e9l\u00e8ves avec ces trois mod\u00e8les (Pilote, Pilote Tandem, Instructeur) qui arborent le logo APPI au dos<br \/>\nAffichez le logo de votre entreprise sur la poitrine<br \/>\nIl est fabriqu\u00e9 en coton fil\u00e9 \u00e0 l'anneau et est doux et confortable. Les doubles coutures sur l'encolure et les manches ajoutent de la durabilit\u00e9 \u00e0 ce Tee shirt tout terrain.<\/p>\n<p>\u2013 Gris sport : coton fil\u00e9 \u00e0 l&#039;anneau 90%, polyester 10%<br \/>\n\u2013 4,5 oz\/vg\u00b2 (153 g\/m\u00b2)<br \/>\n\u2013 Pr\u00e9-r\u00e9tr\u00e9ci<br \/>\n- Bande d&#039;\u00e9paule \u00e0 \u00e9paule<br \/>\n\u2013 Quart de tour pour \u00e9viter les plis au centre<\/p>","protected":false},"excerpt":{"rendered":"<p><strong>1. Choisissez une taille<br \/>\n2. T\u00e9l\u00e9chargez votre logo personnalis\u00e9<br \/>\n3. Ajouter au panier<\/strong><\/p>","protected":false},"featured_media":6440,"template":"","meta":[],"product_brand":[],"product_cat":[194],"product_tag":[],"cbh_brand":[],"cbh_price":[],"class_list":{"0":"post-6432","1":"product","2":"type-product","3":"status-publish","4":"has-post-thumbnail","6":"product_cat-men","8":"first","9":"instock","10":"shipping-taxable","11":"purchasable","12":"product-type-variable"},"_links":{"self":[{"href":"https:\/\/shop.flyappi.org\/fr\/wp-json\/wp\/v2\/product\/6432","targetHints":{"allow":["GET"]}}],"collection":[{"href":"https:\/\/shop.flyappi.org\/fr\/wp-json\/wp\/v2\/product"}],"about":[{"href":"https:\/\/shop.flyappi.org\/fr\/wp-json\/wp\/v2\/types\/product"}],"wp:featuredmedia":[{"embeddable":true,"href":"https:\/\/shop.flyappi.org\/fr\/wp-json\/wp\/v2\/media\/6440"}],"wp:attachment":[{"href":"https:\/\/shop.flyappi.org\/fr\/wp-json\/wp\/v2\/media?parent=6432"}],"wp:term":[{"taxonomy":"product_brand","embeddable":true,"href":"https:\/\/shop.flyappi.org\/fr\/wp-json\/wp\/v2\/product_brand?post=6432"},{"taxonomy":"product_cat","embeddable":true,"href":"https:\/\/shop.flyappi.org\/fr\/wp-json\/wp\/v2\/product_cat?post=6432"},{"taxonomy":"product_tag","embeddable":true,"href":"https:\/\/shop.flyappi.org\/fr\/wp-json\/wp\/v2\/product_tag?post=6432"},{"taxonomy":"cbh_brand","embeddable":true,"href":"https:\/\/shop.flyappi.org\/fr\/wp-json\/wp\/v2\/cbh_brand?post=6432"},{"taxonomy":"cbh_price","embeddable":true,"href":"https:\/\/shop.flyappi.org\/fr\/wp-json\/wp\/v2\/cbh_price?post=6432"}],"curies":[{"name":"wp","href":"https:\/\/api.w.org\/{rel}","templated":true}]}}