{"id":6828,"date":"2022-06-25T15:51:13","date_gmt":"2022-06-25T15:51:13","guid":{"rendered":"https:\/\/shop.flyappi.org\/product\/appi-tandem-pilot-full-on-tee-shirt\/"},"modified":"2022-06-25T15:51:33","modified_gmt":"2022-06-25T15:51:33","slug":"camiseta-completa-de-piloto-en-tandem-de-appi","status":"publish","type":"product","link":"https:\/\/shop.flyappi.org\/es\/product\/appi-tandem-pilot-full-on-tee-shirt\/","title":{"rendered":"Camiseta completa APPI Tandem Pilot"},"content":{"rendered":"<p>\u00bfOrgulloso de ser piloto, piloto biplaza o instructor APPI? Demu\u00e9stralo con esta camiseta que presenta el logotipo de APPI en la espalda y en el pecho. Tres modelos: Piloto, Piloto Biplaza e Instructor y un peque\u00f1o recordatorio Be APPI en la manga<\/p>\n<p>Est\u00e1 hecho de algod\u00f3n ring-spun y es suave y c\u00f3modo. Las costuras dobles en el cuello y las mangas a\u00f1aden durabilidad a esta camiseta todoterreno.<\/p>\n<p>\u2013 Sport Grey: algod\u00f3n ring-spun 90%, poli\u00e9ster 10%<br \/>\n\u2013 4,5 oz\/yd\u00b2 (153 g\/m\u00b2)<br \/>\n- Pre-encogido<br \/>\n\u2013 Cinta de hombro a hombro<br \/>\n\u2013 Cuarto de vuelta para evitar arrugas en el centro<\/p>","protected":false},"excerpt":{"rendered":"<p>Proud to be a pilot, tandem pilot or instructor APPI? Show it with this tee shirt that features the APPI logo on the back and on the chest. Three models: Pilot, Tandem pilot and Instructor and a small reminder Be APPI on the sleeve It is made of ring-spun cotton and is soft and comfortable. [&hellip;]<\/p>\n","protected":false},"featured_media":6835,"template":"","meta":[],"product_brand":[],"product_cat":[189,195],"product_tag":[],"cbh_brand":[],"cbh_price":[],"class_list":{"0":"post-6828","1":"product","2":"type-product","3":"status-publish","4":"has-post-thumbnail","6":"product_cat-corpo","7":"product_cat-women","9":"first","10":"instock","11":"shipping-taxable","12":"purchasable","13":"product-type-variable"},"_links":{"self":[{"href":"https:\/\/shop.flyappi.org\/es\/wp-json\/wp\/v2\/product\/6828","targetHints":{"allow":["GET"]}}],"collection":[{"href":"https:\/\/shop.flyappi.org\/es\/wp-json\/wp\/v2\/product"}],"about":[{"href":"https:\/\/shop.flyappi.org\/es\/wp-json\/wp\/v2\/types\/product"}],"wp:featuredmedia":[{"embeddable":true,"href":"https:\/\/shop.flyappi.org\/es\/wp-json\/wp\/v2\/media\/6835"}],"wp:attachment":[{"href":"https:\/\/shop.flyappi.org\/es\/wp-json\/wp\/v2\/media?parent=6828"}],"wp:term":[{"taxonomy":"product_brand","embeddable":true,"href":"https:\/\/shop.flyappi.org\/es\/wp-json\/wp\/v2\/product_brand?post=6828"},{"taxonomy":"product_cat","embeddable":true,"href":"https:\/\/shop.flyappi.org\/es\/wp-json\/wp\/v2\/product_cat?post=6828"},{"taxonomy":"product_tag","embeddable":true,"href":"https:\/\/shop.flyappi.org\/es\/wp-json\/wp\/v2\/product_tag?post=6828"},{"taxonomy":"cbh_brand","embeddable":true,"href":"https:\/\/shop.flyappi.org\/es\/wp-json\/wp\/v2\/cbh_brand?post=6828"},{"taxonomy":"cbh_price","embeddable":true,"href":"https:\/\/shop.flyappi.org\/es\/wp-json\/wp\/v2\/cbh_price?post=6828"}],"curies":[{"name":"gracias","href":"https:\/\/api.w.org\/{rel}","templated":true}]}}