{"id":6784,"date":"2022-06-25T15:12:01","date_gmt":"2022-06-25T15:12:01","guid":{"rendered":"https:\/\/shop.flyappi.org\/product\/appi-instrutor-tee-shirt-essential\/"},"modified":"2022-06-27T10:06:32","modified_gmt":"2022-06-27T10:06:32","slug":"camiseta-esencial-de-appi-instructor","status":"publish","type":"product","link":"https:\/\/shop.flyappi.org\/es\/product\/appi-instrutor-tee-shirt-essential\/","title":{"rendered":"Camisetas Instructor APPI esencial"},"content":{"rendered":"<p class=\"translation-block\">precio m\u00ednimo para una camiseta seria de larga duraci\u00f3n.\nLogotipo de la APPI en la parte delantera, tres modelos (piloto, piloto t\u00e1ndem, instructor)\nEst\u00e1 hecha de algod\u00f3n hilado en anillos y es suave y c\u00f3moda. La doble costura en el escote y las mangas a\u00f1ade durabilidad a esta camiseta todoterreno.\n\n- Gris deportivo: 90% algod\u00f3n hilado en anillos, 10% poli\u00e9ster\n- 153 g\/m\u00b2\n- Preencogido\n- Cinta de hombro a hombro\n- Un cuarto de vuelta para evitar pliegues en el centro<\/p>","protected":false},"excerpt":{"rendered":"<p>bottom price for a serious long lasting tee-shirt. APPI logo on the front, three models (Pilot, Tandem pilot, Instructor) It is made of ring-spun cotton and is soft and comfortable. Double stitching on the neckline and sleeves add durability to this off-road shirt. &#8211; Sport Grey: 90% ring-spun cotton, 10% polyester &#8211; 4.5 oz\/yd\u00b2 (153 [&hellip;]<\/p>\n","protected":false},"featured_media":6791,"template":"","meta":[],"product_brand":[],"product_cat":[189,195],"product_tag":[],"cbh_brand":[],"cbh_price":[],"class_list":{"0":"post-6784","1":"product","2":"type-product","3":"status-publish","4":"has-post-thumbnail","6":"product_cat-corpo","7":"product_cat-women","9":"first","10":"instock","11":"sale","12":"shipping-taxable","13":"purchasable","14":"product-type-variable"},"_links":{"self":[{"href":"https:\/\/shop.flyappi.org\/es\/wp-json\/wp\/v2\/product\/6784","targetHints":{"allow":["GET"]}}],"collection":[{"href":"https:\/\/shop.flyappi.org\/es\/wp-json\/wp\/v2\/product"}],"about":[{"href":"https:\/\/shop.flyappi.org\/es\/wp-json\/wp\/v2\/types\/product"}],"wp:featuredmedia":[{"embeddable":true,"href":"https:\/\/shop.flyappi.org\/es\/wp-json\/wp\/v2\/media\/6791"}],"wp:attachment":[{"href":"https:\/\/shop.flyappi.org\/es\/wp-json\/wp\/v2\/media?parent=6784"}],"wp:term":[{"taxonomy":"product_brand","embeddable":true,"href":"https:\/\/shop.flyappi.org\/es\/wp-json\/wp\/v2\/product_brand?post=6784"},{"taxonomy":"product_cat","embeddable":true,"href":"https:\/\/shop.flyappi.org\/es\/wp-json\/wp\/v2\/product_cat?post=6784"},{"taxonomy":"product_tag","embeddable":true,"href":"https:\/\/shop.flyappi.org\/es\/wp-json\/wp\/v2\/product_tag?post=6784"},{"taxonomy":"cbh_brand","embeddable":true,"href":"https:\/\/shop.flyappi.org\/es\/wp-json\/wp\/v2\/cbh_brand?post=6784"},{"taxonomy":"cbh_price","embeddable":true,"href":"https:\/\/shop.flyappi.org\/es\/wp-json\/wp\/v2\/cbh_price?post=6784"}],"curies":[{"name":"gracias","href":"https:\/\/api.w.org\/{rel}","templated":true}]}}