{"id":6432,"date":"2022-06-22T19:01:16","date_gmt":"2022-06-22T19:01:16","guid":{"rendered":"https:\/\/shop.flyappi.org\/product\/personalized-instructor-tee-shirt\/"},"modified":"2022-07-26T08:53:30","modified_gmt":"2022-07-26T08:53:30","slug":"camiseta-de-instructor-personalizada","status":"publish","type":"product","link":"https:\/\/shop.flyappi.org\/es\/product\/personalized-instructor-tee-shirt\/","title":{"rendered":"Camiseta de instructor personalizada"},"content":{"rendered":"<p>Una camiseta para promocionar tu escuela o tu centro t\u00e1ndem APPI como parte de la red APPI.<br \/>\nEquipe a su personal o estudiantes con estos tres modelos (Piloto, Piloto biplaza, Instructor) que cuentan con el logotipo de APPI en la parte posterior<br \/>\nMuestre el logotipo de su empresa en el cofre<br \/>\nEst\u00e1 hecho de algod\u00f3n ring-spun y es suave y c\u00f3modo. Las costuras dobles en el cuello y las mangas a\u00f1aden durabilidad a esta camiseta todoterreno.<\/p>\n<p>\u2013 Sport Grey: algod\u00f3n ring-spun 90%, poli\u00e9ster 10%<br \/>\n\u2013 4,5 oz\/yd\u00b2 (153 g\/m\u00b2)<br \/>\n- Pre-encogido<br \/>\n\u2013 Cinta de hombro a hombro<br \/>\n\u2013 Cuarto de vuelta para evitar arrugas en el centro<\/p>","protected":false},"excerpt":{"rendered":"<p><strong>1. Elige una talla<br \/>\n2. Sube tu logo personalizado<br \/>\n3. A\u00f1adir al carrito<\/strong><\/p>","protected":false},"featured_media":6440,"template":"","meta":[],"product_brand":[],"product_cat":[194],"product_tag":[],"cbh_brand":[],"cbh_price":[],"class_list":{"0":"post-6432","1":"product","2":"type-product","3":"status-publish","4":"has-post-thumbnail","6":"product_cat-men","8":"first","9":"instock","10":"shipping-taxable","11":"purchasable","12":"product-type-variable"},"_links":{"self":[{"href":"https:\/\/shop.flyappi.org\/es\/wp-json\/wp\/v2\/product\/6432","targetHints":{"allow":["GET"]}}],"collection":[{"href":"https:\/\/shop.flyappi.org\/es\/wp-json\/wp\/v2\/product"}],"about":[{"href":"https:\/\/shop.flyappi.org\/es\/wp-json\/wp\/v2\/types\/product"}],"wp:featuredmedia":[{"embeddable":true,"href":"https:\/\/shop.flyappi.org\/es\/wp-json\/wp\/v2\/media\/6440"}],"wp:attachment":[{"href":"https:\/\/shop.flyappi.org\/es\/wp-json\/wp\/v2\/media?parent=6432"}],"wp:term":[{"taxonomy":"product_brand","embeddable":true,"href":"https:\/\/shop.flyappi.org\/es\/wp-json\/wp\/v2\/product_brand?post=6432"},{"taxonomy":"product_cat","embeddable":true,"href":"https:\/\/shop.flyappi.org\/es\/wp-json\/wp\/v2\/product_cat?post=6432"},{"taxonomy":"product_tag","embeddable":true,"href":"https:\/\/shop.flyappi.org\/es\/wp-json\/wp\/v2\/product_tag?post=6432"},{"taxonomy":"cbh_brand","embeddable":true,"href":"https:\/\/shop.flyappi.org\/es\/wp-json\/wp\/v2\/cbh_brand?post=6432"},{"taxonomy":"cbh_price","embeddable":true,"href":"https:\/\/shop.flyappi.org\/es\/wp-json\/wp\/v2\/cbh_price?post=6432"}],"curies":[{"name":"gracias","href":"https:\/\/api.w.org\/{rel}","templated":true}]}}