{"id":2497,"date":"2021-03-02T04:18:23","date_gmt":"2021-03-02T04:18:23","guid":{"rendered":"https:\/\/chawkbazar.redq.io\/?page_id=2497"},"modified":"2022-06-27T10:37:23","modified_gmt":"2022-06-27T10:37:23","slug":"busqueda","status":"publish","type":"page","link":"https:\/\/shop.flyappi.org\/es\/search\/","title":{"rendered":"B\u00fasqueda"},"content":{"rendered":"<div data-elementor-type=\"wp-page\" data-elementor-id=\"2497\" class=\"elementor elementor-2497\" data-elementor-post-type=\"page\">\n\t\t\t\t\t\t<section class=\"elementor-section elementor-top-section elementor-element elementor-element-256da09 elementor-section-full_width elementor-section-height-default elementor-section-height-default\" data-id=\"256da09\" data-element_type=\"section\" data-e-type=\"section\">\n\t\t\t\t\t\t<div class=\"elementor-container elementor-column-gap-no\">\n\t\t\t\t\t<div class=\"elementor-column elementor-col-100 elementor-top-column elementor-element elementor-element-07634cb\" data-id=\"07634cb\" data-element_type=\"column\" data-e-type=\"column\">\n\t\t\t<div class=\"elementor-widget-wrap elementor-element-populated\">\n\t\t\t\t\t\t<div class=\"elementor-element elementor-element-3846c23 elementor-widget elementor-widget-cbh_product_listing\" data-id=\"3846c23\" data-element_type=\"widget\" data-e-type=\"widget\" data-widget_type=\"cbh_product_listing.default\">\n\t\t\t\t<div class=\"elementor-widget-container\">\n\t\t\t\t\t<script type=\"text\/html\" id=\"chawkbazarGridTemplate\">\n    <% _.each(listing, function(list, index ) { %>\n    <%\n    if( list.post_id ) { \n        let permalink;\n        let itemParentClass;\n        let imagePreloaderAnimClass;\n        let imgPreloaderClass;\n        let id = list ? list.post_id : '';\n        let thumbnail = list ? list.thumbnail : chawkbazar_SEARCH.default_image;\n        let title = list ? list.title : '';\n        let excerpt = list ? list.excerpt : '';\n        let product_unit = list ? list.product_unit : '';\n        let price_html = list ? list.price_html : '';\n        let hasModal = RedQWooCommerceQuickViewData ? RedQWooCommerceQuickViewData.hasModal : '';\n        let site_image_loader = ChawkBazarData ? ChawkBazarData.site_image_loader : '';\n        let is_in_stock = list ? list.is_in_stock : \"\";\n        if(hasModal === \"true\") {\n            permalink = '#redq-quick-view-modal';\n            itemParentClass = \"button-redq-woocommerce-quick-view\";\n        } else {\n            permalink = list ? list.permalink : '';\n            itemParentClass = \"\";\n        }\n\n        if(site_image_loader === 'on') {\n            imagePreloaderAnimClass = \"chawkbazar-fadeIn-image-js\";\n            imgPreloaderClass = \"opacity-0\";\n        } else {\n            imagePreloaderAnimClass = \"\";\n            imgPreloaderClass = \"\";\n        }\n        if(thumbnail === false){\n            thumbnail = chawkbazar_SEARCH.default_image;\n        }\n    %>\n    <a href=\"<%=permalink%>\" class=\"<%=itemParentClass%> chawkbazar-helium-product-card group\" data-product_id=\"<%=id%>\" rel=\"modal:open\">\n        <div class=\"card-root group box-border overflow-hidden transition duration-200 transform ease-linear flex flex-col bg-white rounded-md pr-0 pb-2 lg:pb-3\">\n            <div class=\"<%=imagePreloaderAnimClass%> bg-gray-300 overflow-hidden mb-3 md:mb-3.5 chawkbazar-custom-search-products-grid-thumbnail rounded-md\">\n                <% if(thumbnail){ %>\n                <img fetchpriority=\"high\" decoding=\"async\" width=\"696\" height=\"896\" src=\"<%=thumbnail%>\" alt=\"<%=title%>\" class=\"<%=imgPreloaderClass%> transition duration-200 ease-linear transform group-hover:scale-105\" \/>\n                <% } %>\n            <\/div>\n            <div>\n                <h4 class=\"text-heading product_title text-sm md:text-base font-semibold mb-1\">\n                    <%= title %>\n                <\/h4>\n                <p class=\"text-body product_content text-xs lg:text-sm leading-normal xl:leading-relaxed mb-0\">\n                    <%= excerpt %>\n                <\/p>\n                <div class=\"text-heading product_price font-semibold text-base lg:text-lg mt-1.5 lg:mt-2.5\">\n                    <%= price_html %>\n                <\/div>\n                <% if(!is_in_stock) { %>\n                    <div class=\"out-of-stock\">(Out Of Stock)<\/div>     \n                <% } %>\n            <\/div>\n\n        <\/div>\n    <\/a>\n    <% } %>\n    <% }) %>\n\n    <% if(count > listing.length){ %>\n    <div class=\"chawkbazar-product-search-loadmore text-center col-span-full\">\n        <button class=\"button button-medium\">\n            <span class='loaded-text'>Load More<\/span>\n            <span class=\"loading-text\">Loading...<\/span>\n            <svg class='loading-svg' version=\"1.1\" xmlns=\"http:\/\/www.w3.org\/2000\/svg\" xmlns:xlink=\"http:\/\/www.w3.org\/1999\/xlink\" x=\"0px\" y=\"0px\" width=\"24px\" height=\"24px\" viewBox=\"0 0 50 50\" style=\"enable-background:new 0 0 50 50;\" xml:space=\"preserve\">\n                <path fill=\"#fff\" d=\"M43.935,25.145c0-10.318-8.364-18.683-18.683-18.683c-10.318,0-18.683,8.365-18.683,18.683h4.068c0-8.071,6.543-14.615,14.615-14.615c8.072,0,14.615,6.543,14.615,14.615H43.935z\" transform=\"rotate(108.893 25 25)\">\n                    <animateTransform attributeType=\"xml\" attributeName=\"transform\" type=\"rotate\" from=\"0 25 25\" to=\"360 25 25\" dur=\"0.8s\" repeatCount=\"indefinite\"><\/animateTransform>\n                <\/path>\n            <\/svg>\n        <\/button>\n    <\/div>\n    <% } %>\n\n    <% if(!listing.length){ %>\n    <div class=\"chawkbazar-no-product-found chawkbazar-fadeIn-image-js without-gradient-loader text-center col-span-full mt-10\">\n        <img decoding=\"async\" class=\"opacity-0 transition-opacity duration-500 mx-auto max-w-full h-auto\" src=\"https:\/\/shop.flyappi.org\/wp-content\/plugins\/chawkbazar-helper\/assets\/images\/not-found.svg\" alt=\"no products found\">\n    <\/div>\n    <% } %>\n<\/script><script type=\"text\/html\" id=\"chawkbazarSearchTags\">\n    <% _.each(searchTags, function(tag, index ) { %>\n\n    <span data-tag=\"<%= tag %>\" class=\"group flex flex-shrink-0 m-1.5 items-center border border-gray-300 bg-borderBottom rounded-lg text-xs px-3.5 py-2.5 capitalize text-heading cursor-pointer transition duration-200 ease-in-out hover:border-heading\">\n        <%= tag %>\n        <svg stroke=\"currentColor\" fill=\"currentColor\" stroke-width=\"0\" viewBox=\"0 0 512 512\" class=\"remove-search-tag text-sm text-body ml-2 flex-shrink-0 -mr-0.5 mt-0.5 transition duration-200 ease-in-out group-hover:text-heading\" height=\"1em\" width=\"1em\" xmlns=\"http:\/\/www.w3.org\/2000\/svg\">\n            <path d=\"M289.94 256l95-95A24 24 0 00351 127l-95 95-95-95a24 24 0 00-34 34l95 95-95 95a24 24 0 1034 34l95-95 95 95a24 24 0 0034-34z\"><\/path>\n        <\/svg>\n    <\/span>\n\n    <% }) %>\n<\/script>                    <div class=\"my-8 text-white p-4 rounded-lg relative bg-gray-900\">\n                Tu p\u00e1gina de b\u00fasqueda no est\u00e1 configurada correctamente; puedes ver esto.                 <a href=\"https:\/\/www.youtube.com\/watch?v=FyolCIs3ha8\" class=\"text-white  hover:text-white  focus:text-white visited:text-white active:text-white hover:underline font-semibold\" target=\"_blank\" rel=\"noopener\">video<\/a>\n                para arreglar la p\u00e1gina de b\u00fasqueda.            <\/div>\n            \t\t\t\t<\/div>\n\t\t\t\t<\/div>\n\t\t\t\t\t<\/div>\n\t\t<\/div>\n\t\t\t\t\t<\/div>\n\t\t<\/section>\n\t\t\t\t<section class=\"elementor-section elementor-top-section elementor-element elementor-element-0683bda elementor-section-full_width elementor-section-height-default elementor-section-height-default\" data-id=\"0683bda\" data-element_type=\"section\" data-e-type=\"section\">\n\t\t\t\t\t\t<div class=\"elementor-container elementor-column-gap-default\">\n\t\t\t\t\t<div class=\"elementor-column elementor-col-20 elementor-top-column elementor-element elementor-element-b727486\" data-id=\"b727486\" data-element_type=\"column\" data-e-type=\"column\">\n\t\t\t<div class=\"elementor-widget-wrap elementor-element-populated\">\n\t\t\t\t\t\t<div class=\"elementor-element elementor-element-d7d1ea4 elementor-widget elementor-widget-cbh_quick_link\" data-id=\"d7d1ea4\" data-element_type=\"widget\" data-e-type=\"widget\" data-widget_type=\"cbh_quick_link.default\">\n\t\t\t\t<div class=\"elementor-widget-container\">\n\t\t\t\t\t                    <h4 class=\"text-sm md:text-base lg:text-lg font-semibold mb-5 2xl:mb-7\">Sobre<\/h4>\n        \n                    <ul class=\"text-sm text-body flex flex-col space-y-3 lg:space-y-3.5\">\n                                    <li class=\"flex items-baseline my-0\">\n                        <a class=\"transition-colors quick_link duration-200 hover:text-black\"  href=\"\/es\/preguntas-mas-frecuentes\/\">Preguntas m\u00e1s frecuentes<\/a>\n                    <\/li>\n                                    <li class=\"flex items-baseline my-0\">\n                        <a class=\"transition-colors quick_link duration-200 hover:text-black\"  href=\"\/es\/politica-de-privacidad\/\">Pol\u00edtica de privacidad<\/a>\n                    <\/li>\n                                    <li class=\"flex items-baseline my-0\">\n                        <a class=\"transition-colors quick_link duration-200 hover:text-black\"  href=\"\/es\/busqueda\/\">B\u00fasqueda<\/a>\n                    <\/li>\n                                    <li class=\"flex items-baseline my-0\">\n                        <a class=\"transition-colors quick_link duration-200 hover:text-black\" href=\"https:\/\/flyappi.org\/contact\/\" target=\"_blank\" _blank rel=\"noopener\">Cont\u00e1ctenos<\/a>\n                    <\/li>\n                            <\/ul>\n        \n\t\t\t\t<\/div>\n\t\t\t\t<\/div>\n\t\t\t\t\t<\/div>\n\t\t<\/div>\n\t\t\t\t<div class=\"elementor-column elementor-col-20 elementor-top-column elementor-element elementor-element-183d75a\" data-id=\"183d75a\" data-element_type=\"column\" data-e-type=\"column\">\n\t\t\t<div class=\"elementor-widget-wrap\">\n\t\t\t\t\t\t\t<\/div>\n\t\t<\/div>\n\t\t\t\t<div class=\"elementor-column elementor-col-20 elementor-top-column elementor-element elementor-element-3799fbd\" data-id=\"3799fbd\" data-element_type=\"column\" data-e-type=\"column\">\n\t\t\t<div class=\"elementor-widget-wrap\">\n\t\t\t\t\t\t\t<\/div>\n\t\t<\/div>\n\t\t\t\t<div class=\"elementor-column elementor-col-20 elementor-top-column elementor-element elementor-element-45ff774\" data-id=\"45ff774\" data-element_type=\"column\" data-e-type=\"column\">\n\t\t\t<div class=\"elementor-widget-wrap\">\n\t\t\t\t\t\t\t<\/div>\n\t\t<\/div>\n\t\t\t\t<div class=\"elementor-column elementor-col-20 elementor-top-column elementor-element elementor-element-7143cb0\" data-id=\"7143cb0\" data-element_type=\"column\" data-e-type=\"column\">\n\t\t\t<div class=\"elementor-widget-wrap\">\n\t\t\t\t\t\t\t<\/div>\n\t\t<\/div>\n\t\t\t\t\t<\/div>\n\t\t<\/section>\n\t\t\t\t<\/div>","protected":false},"excerpt":{"rendered":"","protected":false},"author":1,"featured_media":0,"parent":0,"menu_order":12,"comment_status":"closed","ping_status":"closed","template":"page-full-width.php","meta":{"footnotes":""},"class_list":["post-2497","page","type-page","status-publish","hentry"],"_links":{"self":[{"href":"https:\/\/shop.flyappi.org\/es\/wp-json\/wp\/v2\/pages\/2497","targetHints":{"allow":["GET"]}}],"collection":[{"href":"https:\/\/shop.flyappi.org\/es\/wp-json\/wp\/v2\/pages"}],"about":[{"href":"https:\/\/shop.flyappi.org\/es\/wp-json\/wp\/v2\/types\/page"}],"author":[{"embeddable":true,"href":"https:\/\/shop.flyappi.org\/es\/wp-json\/wp\/v2\/users\/1"}],"replies":[{"embeddable":true,"href":"https:\/\/shop.flyappi.org\/es\/wp-json\/wp\/v2\/comments?post=2497"}],"version-history":[{"count":0,"href":"https:\/\/shop.flyappi.org\/es\/wp-json\/wp\/v2\/pages\/2497\/revisions"}],"wp:attachment":[{"href":"https:\/\/shop.flyappi.org\/es\/wp-json\/wp\/v2\/media?parent=2497"}],"curies":[{"name":"gracias","href":"https:\/\/api.w.org\/{rel}","templated":true}]}}